{"id":44,"date":"2013-02-13T16:36:12","date_gmt":"2013-02-13T14:36:12","guid":{"rendered":"http:\/\/www.feritalturk.com\/?page_id=44"},"modified":"2018-11-02T17:50:07","modified_gmt":"2018-11-02T14:50:07","slug":"resimler-karisik","status":"publish","type":"page","link":"https:\/\/www.feritalturk.com\/?page_id=44","title":{"rendered":"Foto\u011fraf Alb\u00fcm\u00fc"},"content":{"rendered":"<p>&nbsp;<\/p>\n<p>&nbsp;<\/p>\n<p><a href=\"https:\/\/drive.google.com\/open?id=1_N9EJ-Mz3byYM011JJWR_rEeMkX0mrKY\">SUALTI FOTO\u011eRAF SERG\u0130S\u0130 1<\/a><\/p>\n<p>&nbsp;<\/p>\n<p>&nbsp;<\/p>\n<p><a href=\"http:\/\/www.feritalturk.com\/wp-content\/uploads\/IMG_4054.jpg\"><img loading=\"lazy\" decoding=\"async\" class=\"alignnone size-medium wp-image-220\" src=\"http:\/\/www.feritalturk.com\/wp-content\/uploads\/IMG_4054-300x225.jpg\" alt=\"\" width=\"300\" height=\"225\" srcset=\"https:\/\/www.feritalturk.com\/wp-content\/uploads\/IMG_4054-300x225.jpg 300w, https:\/\/www.feritalturk.com\/wp-content\/uploads\/IMG_4054-1024x768.jpg 1024w, https:\/\/www.feritalturk.com\/wp-content\/uploads\/IMG_4054-180x135.jpg 180w, https:\/\/www.feritalturk.com\/wp-content\/uploads\/IMG_4054-700x525.jpg 700w, https:\/\/www.feritalturk.com\/wp-content\/uploads\/IMG_4054-460x345.jpg 460w, https:\/\/www.feritalturk.com\/wp-content\/uploads\/IMG_4054-220x165.jpg 220w\" sizes=\"auto, (max-width: 300px) 100vw, 300px\" \/><\/a> <a href=\"http:\/\/www.feritalturk.com\/wp-content\/uploads\/IMG_4056.jpg\"><img loading=\"lazy\" decoding=\"async\" class=\"alignnone size-medium wp-image-221\" src=\"http:\/\/www.feritalturk.com\/wp-content\/uploads\/IMG_4056-300x225.jpg\" alt=\"\" width=\"300\" height=\"225\" srcset=\"https:\/\/www.feritalturk.com\/wp-content\/uploads\/IMG_4056-300x225.jpg 300w, https:\/\/www.feritalturk.com\/wp-content\/uploads\/IMG_4056-1024x768.jpg 1024w, https:\/\/www.feritalturk.com\/wp-content\/uploads\/IMG_4056-180x135.jpg 180w, https:\/\/www.feritalturk.com\/wp-content\/uploads\/IMG_4056-700x525.jpg 700w, https:\/\/www.feritalturk.com\/wp-content\/uploads\/IMG_4056-460x345.jpg 460w, https:\/\/www.feritalturk.com\/wp-content\/uploads\/IMG_4056-220x165.jpg 220w\" sizes=\"auto, (max-width: 300px) 100vw, 300px\" \/><\/a> <a href=\"http:\/\/www.feritalturk.com\/wp-content\/uploads\/IMG_4057.jpg\"><img loading=\"lazy\" decoding=\"async\" class=\"alignnone size-medium wp-image-217\" src=\"http:\/\/www.feritalturk.com\/wp-content\/uploads\/IMG_4057-300x225.jpg\" alt=\"\" width=\"300\" height=\"225\" srcset=\"https:\/\/www.feritalturk.com\/wp-content\/uploads\/IMG_4057-300x225.jpg 300w, https:\/\/www.feritalturk.com\/wp-content\/uploads\/IMG_4057-1024x768.jpg 1024w, https:\/\/www.feritalturk.com\/wp-content\/uploads\/IMG_4057-180x135.jpg 180w, https:\/\/www.feritalturk.com\/wp-content\/uploads\/IMG_4057-700x525.jpg 700w, https:\/\/www.feritalturk.com\/wp-content\/uploads\/IMG_4057-460x345.jpg 460w, https:\/\/www.feritalturk.com\/wp-content\/uploads\/IMG_4057-220x165.jpg 220w\" sizes=\"auto, (max-width: 300px) 100vw, 300px\" \/><\/a> <a href=\"http:\/\/www.feritalturk.com\/wp-content\/uploads\/IMG_4052.jpg\"><img loading=\"lazy\" decoding=\"async\" class=\"alignnone size-medium wp-image-218\" src=\"http:\/\/www.feritalturk.com\/wp-content\/uploads\/IMG_4052-300x225.jpg\" alt=\"\" width=\"300\" height=\"225\" srcset=\"https:\/\/www.feritalturk.com\/wp-content\/uploads\/IMG_4052-300x225.jpg 300w, https:\/\/www.feritalturk.com\/wp-content\/uploads\/IMG_4052-1024x768.jpg 1024w, https:\/\/www.feritalturk.com\/wp-content\/uploads\/IMG_4052-180x135.jpg 180w, https:\/\/www.feritalturk.com\/wp-content\/uploads\/IMG_4052-700x525.jpg 700w, https:\/\/www.feritalturk.com\/wp-content\/uploads\/IMG_4052-460x345.jpg 460w, https:\/\/www.feritalturk.com\/wp-content\/uploads\/IMG_4052-220x165.jpg 220w\" sizes=\"auto, (max-width: 300px) 100vw, 300px\" \/><\/a> <a href=\"http:\/\/www.feritalturk.com\/wp-content\/uploads\/IMG_4053.jpg\"><img loading=\"lazy\" decoding=\"async\" class=\"alignnone size-medium wp-image-219\" src=\"http:\/\/www.feritalturk.com\/wp-content\/uploads\/IMG_4053-300x225.jpg\" alt=\"\" width=\"300\" height=\"225\" srcset=\"https:\/\/www.feritalturk.com\/wp-content\/uploads\/IMG_4053-300x225.jpg 300w, https:\/\/www.feritalturk.com\/wp-content\/uploads\/IMG_4053-1024x768.jpg 1024w, https:\/\/www.feritalturk.com\/wp-content\/uploads\/IMG_4053-180x135.jpg 180w, https:\/\/www.feritalturk.com\/wp-content\/uploads\/IMG_4053-700x525.jpg 700w, https:\/\/www.feritalturk.com\/wp-content\/uploads\/IMG_4053-460x345.jpg 460w, https:\/\/www.feritalturk.com\/wp-content\/uploads\/IMG_4053-220x165.jpg 220w\" sizes=\"auto, (max-width: 300px) 100vw, 300px\" \/><\/a><\/p>\n","protected":false},"excerpt":{"rendered":"<p>&nbsp; &nbsp; SUALTI FOTO\u011eRAF SERG\u0130S\u0130 1 &nbsp; &nbsp;<\/p>\n","protected":false},"author":1,"featured_media":0,"parent":0,"menu_order":0,"comment_status":"open","ping_status":"closed","template":"gallery-plus.php","meta":{"footnotes":""},"class_list":["post-44","page","type-page","status-publish","hentry"],"_links":{"self":[{"href":"https:\/\/www.feritalturk.com\/index.php?rest_route=\/wp\/v2\/pages\/44","targetHints":{"allow":["GET"]}}],"collection":[{"href":"https:\/\/www.feritalturk.com\/index.php?rest_route=\/wp\/v2\/pages"}],"about":[{"href":"https:\/\/www.feritalturk.com\/index.php?rest_route=\/wp\/v2\/types\/page"}],"author":[{"embeddable":true,"href":"https:\/\/www.feritalturk.com\/index.php?rest_route=\/wp\/v2\/users\/1"}],"replies":[{"embeddable":true,"href":"https:\/\/www.feritalturk.com\/index.php?rest_route=%2Fwp%2Fv2%2Fcomments&post=44"}],"version-history":[{"count":11,"href":"https:\/\/www.feritalturk.com\/index.php?rest_route=\/wp\/v2\/pages\/44\/revisions"}],"predecessor-version":[{"id":408,"href":"https:\/\/www.feritalturk.com\/index.php?rest_route=\/wp\/v2\/pages\/44\/revisions\/408"}],"wp:attachment":[{"href":"https:\/\/www.feritalturk.com\/index.php?rest_route=%2Fwp%2Fv2%2Fmedia&parent=44"}],"curies":[{"name":"wp","href":"https:\/\/api.w.org\/{rel}","templated":true}]}}