{"id":5,"date":"2013-02-13T15:44:35","date_gmt":"2013-02-13T13:44:35","guid":{"rendered":"http:\/\/www.feritalturk.com\/?page_id=5"},"modified":"2017-10-29T15:30:22","modified_gmt":"2017-10-29T13:30:22","slug":"ana-sayfa","status":"publish","type":"page","link":"http:\/\/www.feritalturk.com\/","title":{"rendered":"Ana Sayfa"},"content":{"rendered":"<p><strong>&lt;marquee&gt;Sayfa Yap\u0131m A\u015famas\u0131nda ! Ziyaretiniz i\u00e7in Te\u015fekk\u00fcr Ederim..&lt;\/marquee&gt;<\/strong><\/p>\n","protected":false},"excerpt":{"rendered":"<p>&lt;marquee&gt;Sayfa Yap\u0131m A\u015famas\u0131nda ! Ziyaretiniz i\u00e7in Te\u015fekk\u00fcr Ederim..&lt;\/marquee&gt;<\/p>\n","protected":false},"author":1,"featured_media":0,"parent":0,"menu_order":0,"comment_status":"open","ping_status":"closed","template":"gallery-plus-home.php","meta":{"footnotes":""},"class_list":["post-5","page","type-page","status-publish","hentry"],"_links":{"self":[{"href":"http:\/\/www.feritalturk.com\/index.php?rest_route=\/wp\/v2\/pages\/5","targetHints":{"allow":["GET"]}}],"collection":[{"href":"http:\/\/www.feritalturk.com\/index.php?rest_route=\/wp\/v2\/pages"}],"about":[{"href":"http:\/\/www.feritalturk.com\/index.php?rest_route=\/wp\/v2\/types\/page"}],"author":[{"embeddable":true,"href":"http:\/\/www.feritalturk.com\/index.php?rest_route=\/wp\/v2\/users\/1"}],"replies":[{"embeddable":true,"href":"http:\/\/www.feritalturk.com\/index.php?rest_route=%2Fwp%2Fv2%2Fcomments&post=5"}],"version-history":[{"count":8,"href":"http:\/\/www.feritalturk.com\/index.php?rest_route=\/wp\/v2\/pages\/5\/revisions"}],"predecessor-version":[{"id":361,"href":"http:\/\/www.feritalturk.com\/index.php?rest_route=\/wp\/v2\/pages\/5\/revisions\/361"}],"wp:attachment":[{"href":"http:\/\/www.feritalturk.com\/index.php?rest_route=%2Fwp%2Fv2%2Fmedia&parent=5"}],"curies":[{"name":"wp","href":"https:\/\/api.w.org\/{rel}","templated":true}]}}