{"id":227,"date":"2013-03-12T16:56:02","date_gmt":"2013-03-12T14:56:02","guid":{"rendered":"http:\/\/www.feritalturk.com\/?page_id=227"},"modified":"2018-11-23T17:45:08","modified_gmt":"2018-11-23T14:45:08","slug":"projeler","status":"publish","type":"page","link":"http:\/\/www.feritalturk.com\/?page_id=227","title":{"rendered":"Projeler"},"content":{"rendered":"<p><a href=\"https:\/\/drive.google.com\/file\/d\/1gLPtNS7JnqUdCZSC7U34DSCP4VLqwiHU\/view?usp=sharing\">ALANYA&#8217;NIN SUALTI YA\u015eAMI\/ALANYA&#8217;S UNDER WATER LIFE<\/a><\/p>\n<p><a href=\"https:\/\/drive.google.com\/drive\/u\/0\/folders\/1NR6ecqLKQ8lVBtmq4VhVe9w7j1Sl1kX-?ogsrc=32\">1. SUALTI FOTO\u011eRAF SERG\u0130S\u0130<\/a><\/p>\n<p><a href=\"https:\/\/onedrive.live.com\/?cid=5FA526393F454C8F&amp;id=5FA526393F454C8F%211992\">2. SUALTI SIRLARI FOTO\u011eRAF SERG\u0130S\u0130<\/a><\/p>\n<p><a href=\"https:\/\/drive.google.com\/file\/d\/1Zz-GDTx0OREVOKpAdLrh9SZSshdSG5WR\/view?usp=sharing\">SAPADERE PROJES\u0130<\/a><\/p>\n<p><a href=\"https:\/\/youtu.be\/DETW5Hr2yNc\">SAPADERE PROJES\u0130 SON HAL\u0130<\/a><\/p>\n<p><a href=\"https:\/\/drive.google.com\/file\/d\/1IFFg9m4h1p7dStdf3mQCOHqdlySO56Ca\/view?usp=sharing\">ALANYA D\u00dcNYA ORMANI PROJES\u0130\/ALANYA WORLD FOREST 1<\/a><\/p>\n<p><a href=\"http:\/\/alanya.gov.tr\/images\/stories\/dokumanlar\/aromatik.pdf\">ALANYA AROMAT\u0130K CENNET VAD\u0130S\u0130 PROJES\u0130<\/a><\/p>\n<p><a href=\"https:\/\/drive.google.com\/file\/d\/1XIucGz9AfEmiO-b4Z_04PYyXguUOJ7dQ\/view?usp=sharing\">OKURCALAR ALTERNAT\u0130F TUR\u0130ZM MERKEZ\u0130 PROJES\u0130<\/a><\/p>\n<p><a href=\"https:\/\/drive.google.com\/file\/d\/1G91c89PLFXUEQdBmeD5Cjq4xdMILkrar\/view?usp=sharing\">D\u0130M BARAJI VE D\u0130M \u00c7AYI B\u00d6LGES\u0130 ALTERNAT\u0130F TUR\u0130ZM PLANLAMA PROJES\u0130<\/a><\/p>\n<p>&nbsp;<\/p>\n","protected":false},"excerpt":{"rendered":"<p>ALANYA&#8217;NIN SUALTI YA\u015eAMI\/ALANYA&#8217;S UNDER WATER LIFE 1. SUALTI FOTO\u011eRAF SERG\u0130S\u0130 2. SUALTI SIRLARI FOTO\u011eRAF SERG\u0130S\u0130 SAPADERE PROJES\u0130 SAPADERE PROJES\u0130 SON HAL\u0130 ALANYA D\u00dcNYA ORMANI PROJES\u0130\/ALANYA WORLD FOREST 1 ALANYA AROMAT\u0130K CENNET VAD\u0130S\u0130 PROJES\u0130 OKURCALAR ALTERNAT\u0130F TUR\u0130ZM MERKEZ\u0130 PROJES\u0130 D\u0130M BARAJI VE D\u0130M \u00c7AYI B\u00d6LGES\u0130 ALTERNAT\u0130F TUR\u0130ZM PLANLAMA PROJES\u0130 &nbsp;<\/p>\n","protected":false},"author":2,"featured_media":0,"parent":0,"menu_order":0,"comment_status":"closed","ping_status":"closed","template":"","meta":{"footnotes":""},"class_list":["post-227","page","type-page","status-publish","hentry"],"_links":{"self":[{"href":"http:\/\/www.feritalturk.com\/index.php?rest_route=\/wp\/v2\/pages\/227","targetHints":{"allow":["GET"]}}],"collection":[{"href":"http:\/\/www.feritalturk.com\/index.php?rest_route=\/wp\/v2\/pages"}],"about":[{"href":"http:\/\/www.feritalturk.com\/index.php?rest_route=\/wp\/v2\/types\/page"}],"author":[{"embeddable":true,"href":"http:\/\/www.feritalturk.com\/index.php?rest_route=\/wp\/v2\/users\/2"}],"replies":[{"embeddable":true,"href":"http:\/\/www.feritalturk.com\/index.php?rest_route=%2Fwp%2Fv2%2Fcomments&post=227"}],"version-history":[{"count":36,"href":"http:\/\/www.feritalturk.com\/index.php?rest_route=\/wp\/v2\/pages\/227\/revisions"}],"predecessor-version":[{"id":410,"href":"http:\/\/www.feritalturk.com\/index.php?rest_route=\/wp\/v2\/pages\/227\/revisions\/410"}],"wp:attachment":[{"href":"http:\/\/www.feritalturk.com\/index.php?rest_route=%2Fwp%2Fv2%2Fmedia&parent=227"}],"curies":[{"name":"wp","href":"https:\/\/api.w.org\/{rel}","templated":true}]}}