{"id":189,"date":"2013-03-04T12:57:20","date_gmt":"2013-03-04T10:57:20","guid":{"rendered":"http:\/\/www.feritalturk.com\/?page_id=189"},"modified":"2017-10-29T15:50:19","modified_gmt":"2017-10-29T13:50:19","slug":"misyon","status":"publish","type":"page","link":"http:\/\/www.feritalturk.com\/?page_id=189","title":{"rendered":"ALARA \u00c7\u0130LEK\u00c7\u0130L\u0130K"},"content":{"rendered":"<p><a href=\"http:\/\/www.feritalturk.com\/wp-content\/uploads\/1-7.jpg\"><img loading=\"lazy\" decoding=\"async\" class=\"alignnone size-medium wp-image-369\" src=\"http:\/\/www.feritalturk.com\/wp-content\/uploads\/1-7-300x225.jpg\" alt=\"\" width=\"300\" height=\"225\" srcset=\"http:\/\/www.feritalturk.com\/wp-content\/uploads\/1-7-300x225.jpg 300w, http:\/\/www.feritalturk.com\/wp-content\/uploads\/1-7-180x135.jpg 180w, http:\/\/www.feritalturk.com\/wp-content\/uploads\/1-7-460x345.jpg 460w, http:\/\/www.feritalturk.com\/wp-content\/uploads\/1-7-220x165.jpg 220w, http:\/\/www.feritalturk.com\/wp-content\/uploads\/1-7.jpg 533w\" sizes=\"auto, (max-width: 300px) 100vw, 300px\" \/><\/a><\/p>\n<p>ANTALYA MANAVGAT SINIRLARI \u0130\u00c7ER\u0130S\u0130NDE NEH\u0130R VE G\u00d6L KENARINDA \u0130\u00c7\u0130NDE 24 SAAT KANALDAN AKAN \u00d6ZEL SUYU OLAN,<\/p>\n<p>3 SULAMA MOTORU,<\/p>\n<p>12X8 B\u00dcY\u00dcK \u00c7ADIRI,<\/p>\n<p>1 ADET KONTEYNER<\/p>\n<p>37 D\u00d6N\u00dcM \u00c7EL\u0130KL\u0130K (200.000 F\u0130DE)\u00a010 D\u00d6N\u00dcM\u00dc T\u00dcNEL SERA\u00a0\u00a0SEZONDA G\u00dcNL\u00dcK 3 TON HASAT 10 KASIM \u0130T\u0130BAR\u0130YLE HASATA BA\u015eLANACAKTIR..<\/p>\n<p>33 D\u00d6N\u00dcM PATLICAN (40.000 F\u0130DE HASAT DEVAM ETMEKTED\u0130R<\/p>\n<p>1200 ADET T\u00dcNEL SERA DEM\u0130R\u0130<\/p>\n<p>2 ADET 50 TONLUK HAVUZ<\/p>\n<p>TOPLAMDA 200.000 \u00c7\u0130LEK F\u0130DES\u0130 HASAD DEVAM EDEN \u00a010 D\u00d6N\u00dcM\u00dc SERA 37 \u00a0D\u00d6N\u00dcM\u00dc \u00c7\u0130LEK EK\u0130L\u0130 ALAN<\/p>\n<p>17 D\u00d6N\u00dcM\u00dc SET\u0130 YAPILMI\u015e, SIFIR DAMLAMASI D\u00d6\u015eENM\u0130\u015e, MAL\u00c7I \u00c7EK\u0130LM\u0130\u015e \u00c7\u0130LEK D\u0130K\u0130ME HAZIR ALAN<\/p>\n<p>60 D\u00d6N\u00dcML\u00dcK AYRICA HAZIR DAMLAMA BORU S\u0130STEM\u0130 (TOPLAMDA 120 D\u00d6N\u00dcML\u00dcK MALZEME MEVCUT)<\/p>\n<p>1 B\u00dcY\u00dcK 2 K\u00dc\u00c7\u00dcK \u0130LA\u00c7LAMA MOTORU<\/p>\n<p>GEREKL\u0130 B\u00dcT\u00dcN ALET VE EK\u0130PMAN (20 KAZMA, K\u00dcREK VB)<\/p>\n<p>ETRAFI KOMPLE TEL \u00d6RG\u00dc \u00c7EVR\u0130L\u0130<\/p>\n<p>2 BEK\u00c7\u0130 K\u00d6PE\u011e\u0130<\/p>\n<p>HER \u0130\u015eTEN ANLAYAN \u00c7\u0130FT\u00c7\u0130S\u0130<\/p>\n<p>Y\u00d6REDEN ANLA\u015eMALI \u0130\u015e\u00c7\u0130LER\u0130<\/p>\n<p>SAH\u0130LDEN 4 KM MESAFEDE<\/p>\n<p>ALARA \u00c7AYININ HER \u0130K\u0130 Y\u00d6N\u00dcNDEN SICAK ASFALT YOL<\/p>\n<p>\u0130\u00c7\u0130NDE BALIK\u00c7ILIK VE KAZ \u00d6RDEK YET\u0130\u015eT\u0130R\u0130C\u0130L\u0130\u011e\u0130NE UYGUN G\u00d6L\u00dc<\/p>\n<p>A\u00c7IK TARLA YUMURTA TAVUK\u00c7ULU\u011eUNA UYGUN<\/p>\n<p>HER T\u00dcRL\u00dc HAYVANCILIK YAPILAB\u0130LECEK YER<\/p>\n<p>YERLE\u015e\u0130M B\u0130R\u0130M\u0130NDEN UZAK<\/p>\n<p>ORMANA SINIR<\/p>\n<p>TOPLAMDA 160 D\u00d6N\u00dcM TARIM ARAZ\u0130S\u0130\u00a0<\/p>\n","protected":false},"excerpt":{"rendered":"<p>ANTALYA MANAVGAT SINIRLARI \u0130\u00c7ER\u0130S\u0130NDE NEH\u0130R VE G\u00d6L KENARINDA \u0130\u00c7\u0130NDE 24 SAAT KANALDAN AKAN \u00d6ZEL SUYU OLAN, 3 SULAMA MOTORU, 12X8 B\u00dcY\u00dcK \u00c7ADIRI, 1 ADET KONTEYNER 37 D\u00d6N\u00dcM \u00c7EL\u0130KL\u0130K (200.000 F\u0130DE)\u00a010 D\u00d6N\u00dcM\u00dc T\u00dcNEL SERA\u00a0\u00a0SEZONDA G\u00dcNL\u00dcK 3 TON HASAT 10 KASIM \u0130T\u0130BAR\u0130YLE HASATA BA\u015eLANACAKTIR.. 33 D\u00d6N\u00dcM PATLICAN (40.000 F\u0130DE HASAT DEVAM ETMEKTED\u0130R 1200 ADET T\u00dcNEL SERA DEM\u0130R\u0130<br \/>\n\t<a href=\"http:\/\/www.feritalturk.com\/?page_id=189\" class=\"go_more\"><span><i><\/i>read more<\/span><\/a><\/p>\n","protected":false},"author":2,"featured_media":368,"parent":0,"menu_order":0,"comment_status":"closed","ping_status":"closed","template":"","meta":{"footnotes":""},"class_list":["post-189","page","type-page","status-publish","has-post-thumbnail","hentry"],"_links":{"self":[{"href":"http:\/\/www.feritalturk.com\/index.php?rest_route=\/wp\/v2\/pages\/189","targetHints":{"allow":["GET"]}}],"collection":[{"href":"http:\/\/www.feritalturk.com\/index.php?rest_route=\/wp\/v2\/pages"}],"about":[{"href":"http:\/\/www.feritalturk.com\/index.php?rest_route=\/wp\/v2\/types\/page"}],"author":[{"embeddable":true,"href":"http:\/\/www.feritalturk.com\/index.php?rest_route=\/wp\/v2\/users\/2"}],"replies":[{"embeddable":true,"href":"http:\/\/www.feritalturk.com\/index.php?rest_route=%2Fwp%2Fv2%2Fcomments&post=189"}],"version-history":[{"count":5,"href":"http:\/\/www.feritalturk.com\/index.php?rest_route=\/wp\/v2\/pages\/189\/revisions"}],"predecessor-version":[{"id":374,"href":"http:\/\/www.feritalturk.com\/index.php?rest_route=\/wp\/v2\/pages\/189\/revisions\/374"}],"wp:featuredmedia":[{"embeddable":true,"href":"http:\/\/www.feritalturk.com\/index.php?rest_route=\/wp\/v2\/media\/368"}],"wp:attachment":[{"href":"http:\/\/www.feritalturk.com\/index.php?rest_route=%2Fwp%2Fv2%2Fmedia&parent=189"}],"curies":[{"name":"wp","href":"https:\/\/api.w.org\/{rel}","templated":true}]}}